{"id":71,"date":"2015-11-23T15:49:18","date_gmt":"2015-11-23T14:49:18","guid":{"rendered":"http:\/\/www.loewen-niederweningen.ch\/wp\/?page_id=71"},"modified":"2021-01-08T11:07:25","modified_gmt":"2021-01-08T10:07:25","slug":"geschichte","status":"publish","type":"page","link":"https:\/\/www.loewen-niederweningen.ch\/wp\/geschichte\/","title":{"rendered":"Geschichte"},"content":{"rendered":"<p style=\"font-weight: 100;\"><b><strong>Der L\u00f6wen \u2013 ein geschichtstr\u00e4chtiges Haus<\/strong><\/b><\/p>\n<p style=\"font-weight: 100;\">Der Gasthof L\u00f6wen ist ein geschichtstr\u00e4chtiges Haus und besitzt seit mehr als sechshundert Jahren das Tavernenrecht. Der Ortsgeschichte Niederwenigen kann man folgende interessante Einzelheiten \u00fcber die Taverne entnehmen:<\/p>\n<p style=\"font-weight: 100;\">Sie geh\u00f6rte zum Niederweninger Besitz der Freiherren von Regensberg. In Geldnot geraten, mussten L\u00fctold I. von Neu-Regensberg und seine Mutter, Adelheid von Regensberg, die Taverne 1311 an die Domherren von Konstanz verkaufen. Am 16. Februar 1311 quittierten die beiden den Empfang von f\u00fcnf Mark f\u00fcr die Hofstatt der Taverne zu Niederweningen und die darauf stehende Taverne oberhalb der Landstrasse. Zudem erhielt Adelheid f\u00fcr sich und ihre Schwiegertochter zwei M\u00e4ntel \u201eerbers tuches\u201c.<\/p>\n<p style=\"font-weight: 100;\">Die Taverne spielte im Leben der Gemeinde eine wichtige Rolle. Im Wirtshaus tagte bei ung\u00fcnstiger Witterung das Gericht. Hier wurde verhandelt, man schloss Vertr\u00e4ge ab und rechnete \u00fcber Guthaben und Schulden ab. Die Taverne geriet zuweilen in Auseinandersetzungen. 1731 musste in Erinnerung gerufen werden, dass Gerichtsverhandlungen nur im Wirtshaus abgehalten werden durften. Auch 1770 musste der Wirt Jakob Bucher die Monopolstellung der Taverne wieder verteidigen.<\/p>\n<p style=\"font-weight: 100;\">Urspr\u00fcnglich befand sich die Wirtschaft im ersten Stock. 1948 kamen bei einem Umbau im Parterre Bollensteine vom Rossstallboden zum Vorschein. Der damals siebenj\u00e4hrige Paul erinnerst sich: \u201eIch sehe die Bollensteine immer noch deutlich vor mir\u201c.<\/p>\n<p style=\"font-weight: 100;\">Seit 1919 ist die Familie Eigent\u00fcmer des Grundst\u00fccks und hat das geschichtsbeladene Haus in 4 Etappen umgebaut. Im Jahr\u2026 wurde auch die B\u00e4ckerei eingebaut.<\/p>\n<p style=\"font-weight: 100;\">Seit 2012 Ist Konrad Moor, Sohn von Paul Moor Betreiber des Restaurants und bringt mit lokalem und asiatischem Essen die G\u00e4ste zum Verz\u00fccken.<\/p>\n\n\n<figure class=\"wp-block-image size-large\"><a href=\"https:\/\/www.loewen-niederweningen.ch\/wp\/wp-content\/uploads\/2021\/01\/rundll32_2021-01-08_10-52-43.png\"><img loading=\"lazy\" decoding=\"async\" width=\"1024\" height=\"676\" src=\"https:\/\/www.loewen-niederweningen.ch\/wp\/wp-content\/uploads\/2021\/01\/rundll32_2021-01-08_10-52-43-1024x676.png\" alt=\"\" class=\"wp-image-893\" srcset=\"https:\/\/www.loewen-niederweningen.ch\/wp\/wp-content\/uploads\/2021\/01\/rundll32_2021-01-08_10-52-43-1024x676.png 1024w, https:\/\/www.loewen-niederweningen.ch\/wp\/wp-content\/uploads\/2021\/01\/rundll32_2021-01-08_10-52-43-300x198.png 300w, https:\/\/www.loewen-niederweningen.ch\/wp\/wp-content\/uploads\/2021\/01\/rundll32_2021-01-08_10-52-43-768x507.png 768w, https:\/\/www.loewen-niederweningen.ch\/wp\/wp-content\/uploads\/2021\/01\/rundll32_2021-01-08_10-52-43-1536x1015.png 1536w, https:\/\/www.loewen-niederweningen.ch\/wp\/wp-content\/uploads\/2021\/01\/rundll32_2021-01-08_10-52-43.png 1623w\" sizes=\"auto, (max-width: 1024px) 100vw, 1024px\" \/><\/a><\/figure>\n\n\n\n<figure class=\"wp-block-image size-large\"><a href=\"https:\/\/www.loewen-niederweningen.ch\/wp\/wp-content\/uploads\/2021\/01\/rundll32_2021-01-08_11-06-53.png\"><img loading=\"lazy\" decoding=\"async\" width=\"1024\" height=\"703\" src=\"https:\/\/www.loewen-niederweningen.ch\/wp\/wp-content\/uploads\/2021\/01\/rundll32_2021-01-08_11-06-53-1024x703.png\" alt=\"\" class=\"wp-image-895\" srcset=\"https:\/\/www.loewen-niederweningen.ch\/wp\/wp-content\/uploads\/2021\/01\/rundll32_2021-01-08_11-06-53-1024x703.png 1024w, https:\/\/www.loewen-niederweningen.ch\/wp\/wp-content\/uploads\/2021\/01\/rundll32_2021-01-08_11-06-53-300x206.png 300w, https:\/\/www.loewen-niederweningen.ch\/wp\/wp-content\/uploads\/2021\/01\/rundll32_2021-01-08_11-06-53-768x527.png 768w, https:\/\/www.loewen-niederweningen.ch\/wp\/wp-content\/uploads\/2021\/01\/rundll32_2021-01-08_11-06-53.png 1285w\" sizes=\"auto, (max-width: 1024px) 100vw, 1024px\" \/><\/a><\/figure>\n\n\n\n<figure class=\"wp-block-image size-large\"><a href=\"https:\/\/www.loewen-niederweningen.ch\/wp\/wp-content\/uploads\/2021\/01\/rundll32_2021-01-08_10-50-39.png\"><img loading=\"lazy\" decoding=\"async\" width=\"1024\" height=\"658\" src=\"https:\/\/www.loewen-niederweningen.ch\/wp\/wp-content\/uploads\/2021\/01\/rundll32_2021-01-08_10-50-39-1024x658.png\" alt=\"\" class=\"wp-image-891\" srcset=\"https:\/\/www.loewen-niederweningen.ch\/wp\/wp-content\/uploads\/2021\/01\/rundll32_2021-01-08_10-50-39-1024x658.png 1024w, https:\/\/www.loewen-niederweningen.ch\/wp\/wp-content\/uploads\/2021\/01\/rundll32_2021-01-08_10-50-39-300x193.png 300w, https:\/\/www.loewen-niederweningen.ch\/wp\/wp-content\/uploads\/2021\/01\/rundll32_2021-01-08_10-50-39-768x494.png 768w, https:\/\/www.loewen-niederweningen.ch\/wp\/wp-content\/uploads\/2021\/01\/rundll32_2021-01-08_10-50-39.png 1448w\" sizes=\"auto, (max-width: 1024px) 100vw, 1024px\" \/><\/a><\/figure>\n","protected":false},"excerpt":{"rendered":"<p>Der L\u00f6wen \u2013 ein geschichtstr\u00e4chtiges Haus Der Gasthof L\u00f6wen ist ein geschichtstr\u00e4chtiges Haus und besitzt seit mehr als sechshundert Jahren das Tavernenrecht. Der Ortsgeschichte Niederwenigen kann man folgende interessante Einzelheiten \u00fcber die Taverne entnehmen: Sie geh\u00f6rte zum Niederweninger Besitz der Freiherren von Regensberg. In Geldnot geraten, mussten L\u00fctold I. von Neu-Regensberg und seine Mutter, Adelheid [&hellip;]<\/p>\n","protected":false},"author":2,"featured_media":0,"parent":0,"menu_order":0,"comment_status":"closed","ping_status":"closed","template":"full-width-page.php","meta":{"footnotes":""},"class_list":["post-71","page","type-page","status-publish","hentry"],"_links":{"self":[{"href":"https:\/\/www.loewen-niederweningen.ch\/wp\/wp-json\/wp\/v2\/pages\/71","targetHints":{"allow":["GET"]}}],"collection":[{"href":"https:\/\/www.loewen-niederweningen.ch\/wp\/wp-json\/wp\/v2\/pages"}],"about":[{"href":"https:\/\/www.loewen-niederweningen.ch\/wp\/wp-json\/wp\/v2\/types\/page"}],"author":[{"embeddable":true,"href":"https:\/\/www.loewen-niederweningen.ch\/wp\/wp-json\/wp\/v2\/users\/2"}],"replies":[{"embeddable":true,"href":"https:\/\/www.loewen-niederweningen.ch\/wp\/wp-json\/wp\/v2\/comments?post=71"}],"version-history":[{"count":5,"href":"https:\/\/www.loewen-niederweningen.ch\/wp\/wp-json\/wp\/v2\/pages\/71\/revisions"}],"predecessor-version":[{"id":896,"href":"https:\/\/www.loewen-niederweningen.ch\/wp\/wp-json\/wp\/v2\/pages\/71\/revisions\/896"}],"wp:attachment":[{"href":"https:\/\/www.loewen-niederweningen.ch\/wp\/wp-json\/wp\/v2\/media?parent=71"}],"curies":[{"name":"wp","href":"https:\/\/api.w.org\/{rel}","templated":true}]}}